{"id":22,"date":"2024-12-30T12:08:25","date_gmt":"2024-12-30T12:08:25","guid":{"rendered":"https:\/\/basic.thorstenschiller.com\/?page_id=22"},"modified":"2024-12-31T19:22:43","modified_gmt":"2024-12-31T19:22:43","slug":"webseite-erstellen-lassen","status":"publish","type":"page","link":"https:\/\/basic.thorstenschiller.com\/index.php\/webseite-erstellen-lassen\/","title":{"rendered":"Website erstellen lassen \u2013"},"content":{"rendered":"\n<p>Eine Website zu erstellen, ist einfach. Eine Website zu erstellen, die wirklich f\u00fcr dich arbeitet, ist eine Kunst.<\/p>\n\n\n\n<h3 class=\"wp-block-heading has-base-color-color has-text-color has-link-color wp-elements-8c0c4aa9938ef367c056736baf6f99f8\"><strong>Mehr als nur Technik<\/strong><\/h3>\n\n\n\n<p>Eine erfolgreiche Website braucht mehr als ein gutes Grundger\u00fcst. Sie muss deine Ziele klar pr\u00e4sentieren und deine Zielgruppe abholen.<\/p>\n\n\n\n<h3 class=\"wp-block-heading has-base-color-color has-text-color has-link-color wp-elements-4dbc337e41ccaf3d9ce7d9d3e260dc34\"><strong>Was macht eine Website erfolgreich?<\/strong><\/h3>\n\n\n\n<ul class=\"wp-block-list\">\n<li><strong>Starke Texte<\/strong>: Inhalte, die informieren, verkaufen und begeistern.<\/li>\n\n\n\n<li><strong>SEO<\/strong>: Sichtbarkeit durch gezielte Suchmaschinenoptimierung.<\/li>\n\n\n\n<li><strong>Schnelligkeit<\/strong>: Modernes Design und kurze Ladezeiten \u00fcberzeugen Nutzer und Suchmaschinen.<\/li>\n\n\n\n<li><strong>Marketing-Tools<\/strong>: Mit Freebies und E-Mail-Marketing langfristige Kundenbeziehungen aufbauen.<\/li>\n<\/ul>\n\n\n\n<h3 class=\"wp-block-heading has-text-color has-link-color wp-elements-0648c717324ed49fb4b315f9f63f4d7b\" style=\"color:#35a29a\"><strong>Dein digitales Zuhause<\/strong><\/h3>\n\n\n\n<p>Mit mir bekommst du nicht nur eine Website, sondern ein Gesamtkonzept: durchdachte Inhalte, technische Perfektion und Marketingstrategien, die Ergebnisse liefern. Denn eine gute Website sieht nicht nur gut aus \u2013 sie arbeitet f\u00fcr dich.<\/p>\n\n\n\n<div style=\"height:31px\" aria-hidden=\"true\" class=\"wp-block-spacer\"><\/div>\n\n\n\n<p>Willst du mehr dazu wissen? Dann w\u00e4hle jetzt aus:<\/p>\n\n\n<div id=\"37\" class=\"dynamic\"><select id=\"37\" data-name=\"37\" class=\"dynamic\"><option class=\"selection\" value=\"1\" selected=\"selected\">Willst Du mehr erfahren?<\/option><option class=\"selection\" value=\"2\">Ja, bitte!<\/option><option class=\"selection\" value=\"3\">Gerade nicht.<\/option><\/select><div class=\"answer\" style=\"display: block\" data-name=\"37\" data-value=\"1\"><\/div><div class=\"answer\" style=\"display: none\" data-name=\"37\" data-value=\"2\"><h3><span style=\"color: #35a29a\"><strong>Die genauen Schritte zur Erstellung deiner erfolgreichen Website<\/strong><\/span><\/h3>\nHier sind die wichtigsten Schritte, die wir gemeinsam durchgehen, um sicherzustellen, dass deine Website nicht nur gut aussieht, sondern auch deine Ziele erf\u00fcllt und f\u00fcr dich arbeitet:\n<ol>\n<li><strong>Ziel und Zweck analysieren<\/strong><br \/>\nWir kl\u00e4ren, was du mit deiner Website erreichen m\u00f6chtest. Soll sie informieren, verkaufen, Anfragen generieren oder dich als Experten positionieren? Dieses Fundament bestimmt den gesamten Aufbau.<\/li>\n<li><strong>Bestehende Elemente pr\u00fcfen<\/strong><br \/>\nGibt es bereits ein Logo, bestimmte Farben, Bilder oder Texte? Diese Elemente integrieren wir nahtlos, um deine Marke einheitlich darzustellen. Falls nicht, entwickeln wir sie gemeinsam.<\/li>\n<li><strong>Suchanl\u00e4sse definieren<\/strong><br \/>\nWelche Situationen oder Probleme f\u00fchren potenzielle Kunden zu einer Suchmaschine? Wir identifizieren diese Ereignisse, um Inhalte zu schaffen, die genau darauf eingehen.<\/li>\n<li><strong>Keywords finden<\/strong><br \/>\nMit gezielter Keyword-Recherche stellen wir sicher, dass deine Website von den richtigen Leuten gefunden wird. Das ist der Kern einer erfolgreichen SEO-Strategie.<\/li>\n<li><strong>Website strukturieren und aufbauen<\/strong><br \/>\nWir entwickeln eine klare, nutzerfreundliche Navigation und gestalten Seiten, die auf verschiedenen Ger\u00e4ten (Desktop, Tablet, Smartphone) perfekt funktionieren.<\/li>\n<li><strong>SEO-Optimierung<\/strong>\n<ul>\n<li><strong>Technisch:<\/strong> Optimierte Ladezeiten, saubere Codes und mobile Darstellung.<\/li>\n<li><strong>Inhaltlich:<\/strong> Keywords, Meta-Beschreibungen und Inhalte, die sowohl Nutzer als auch Suchmaschinen ansprechen.<\/li>\n<li><strong>Extern:<\/strong> Aufbau von Backlinks und Verbesserung der Vertrauensw\u00fcrdigkeit deiner Website.<\/li>\n<\/ul>\n<\/li>\n<li><strong>Texte und Inhalte erstellen<\/strong><br \/>\nWir entwickeln Inhalte, die nicht nur informieren, sondern auch \u00fcberzeugen und verkaufen. Dabei legen wir Wert auf klare Botschaften und eine pers\u00f6nliche Ansprache.<\/li>\n<li><strong>Integration von Marketing-Tools<\/strong><br \/>\nFalls gew\u00fcnscht, implementieren wir Freebies, E-Mail-Marketing oder andere Tools, um langfristige Kundenbeziehungen aufzubauen.<\/li>\n<li><strong>Testing und Optimierung<\/strong><br \/>\nVor dem Launch wird alles auf Herz und Nieren gepr\u00fcft: Funktionalit\u00e4t, Ladegeschwindigkeit, Darstellung auf verschiedenen Ger\u00e4ten und Benutzerfreundlichkeit.<\/li>\n<li><strong>Pflege und Wartung<\/strong><br \/>\nEine gute Website braucht regelm\u00e4\u00dfige Updates und Pflege, damit sie sicher, aktuell und leistungsstark bleibt. Optional unterst\u00fctze ich dich bei der Wartung und Weiterentwicklung.<\/li>\n<li><strong>Schulung und \u00dcbergabe<\/strong><br \/>\nFalls du deine Website selbst pflegen m\u00f6chtest, schule ich dich oder dein Team im Umgang mit dem System und den wichtigsten Tools.<\/li>\n<li><strong>Langfristige Begleitung (optional)<\/strong><br \/>\nSEO, Content-Updates und technischer Support sind keine einmaligen Aufgaben. Ich begleite dich auf Wunsch langfristig, damit deine Website weiterhin Ergebnisse liefert.<\/li>\n<\/ol>\nMit diesem ganzheitlichen Ansatz erh\u00e4ltst du eine Website, die wirklich funktioniert \u2013 und deine Ziele erreicht.\n<\/div><div class=\"answer \" style=\"display: none\" data-name=\"37\" data-value=\"3\">Auch OK. Aber bist Du Dir sicher, dass Du alle Schritte kennst, um eine erfolgreiche Webseite zu erstellen?\n<\/div><\/div>\n\n\n\n<div style=\"height:31px\" aria-hidden=\"true\" class=\"wp-block-spacer\"><\/div>\n\n\n\n<h3 class=\"wp-block-heading has-base-color-color has-text-color has-link-color wp-elements-fb17271021ec18ab8d9be84ecf5d7f47\"><strong>Reicht das an Information? Dann lass uns starten!<\/strong><\/h3>\n\n\n\n<p>Lass uns gemeinsam die perfekte Website f\u00fcr dich erstellen \u2013 inklusive allem, was du brauchst, um online durchzustarten.<\/p>\n\n\n\n<p>\ud83d\udcde <strong>Jetzt Kontakt aufnehmen<\/strong> und dein Projekt starten!<\/p>\n","protected":false},"excerpt":{"rendered":"<p>Eine Website zu erstellen, ist einfach. Eine Website zu erstellen, die wirklich f\u00fcr dich arbeitet, ist eine Kunst. Mehr als nur Technik Eine erfolgreiche Website braucht mehr als ein gutes Grundger\u00fcst. Sie muss deine Ziele klar pr\u00e4sentieren und deine Zielgruppe abholen. Was macht eine Website erfolgreich? Dein digitales Zuhause Mit mir bekommst du nicht nur [&hellip;]<\/p>\n","protected":false},"author":1,"featured_media":0,"parent":0,"menu_order":0,"comment_status":"closed","ping_status":"closed","template":"vorzeile.php","meta":{"inline_featured_image":false,"footnotes":""},"class_list":["post-22","page","type-page","status-publish","hentry"],"_links":{"self":[{"href":"https:\/\/basic.thorstenschiller.com\/index.php\/wp-json\/wp\/v2\/pages\/22","targetHints":{"allow":["GET"]}}],"collection":[{"href":"https:\/\/basic.thorstenschiller.com\/index.php\/wp-json\/wp\/v2\/pages"}],"about":[{"href":"https:\/\/basic.thorstenschiller.com\/index.php\/wp-json\/wp\/v2\/types\/page"}],"author":[{"embeddable":true,"href":"https:\/\/basic.thorstenschiller.com\/index.php\/wp-json\/wp\/v2\/users\/1"}],"replies":[{"embeddable":true,"href":"https:\/\/basic.thorstenschiller.com\/index.php\/wp-json\/wp\/v2\/comments?post=22"}],"version-history":[{"count":17,"href":"https:\/\/basic.thorstenschiller.com\/index.php\/wp-json\/wp\/v2\/pages\/22\/revisions"}],"predecessor-version":[{"id":113,"href":"https:\/\/basic.thorstenschiller.com\/index.php\/wp-json\/wp\/v2\/pages\/22\/revisions\/113"}],"wp:attachment":[{"href":"https:\/\/basic.thorstenschiller.com\/index.php\/wp-json\/wp\/v2\/media?parent=22"}],"curies":[{"name":"wp","href":"https:\/\/api.w.org\/{rel}","templated":true}]}}